{"id":7597,"date":"2022-11-17T13:32:53","date_gmt":"2022-11-17T13:32:53","guid":{"rendered":"https:\/\/augur.es\/planejament-i-gestio-urbanistica\/"},"modified":"2022-12-21T09:10:21","modified_gmt":"2022-12-21T09:10:21","slug":"planejament-i-gestio-urbanistica","status":"publish","type":"page","link":"https:\/\/augur.es\/ca\/planejament-i-gestio-urbanistica\/","title":{"rendered":"Planejament i gesti\u00f3 urban\u00edstica"},"content":{"rendered":"\t\t<div data-elementor-type=\"wp-page\" data-elementor-id=\"7597\" class=\"elementor elementor-7597\">\n\t\t\t\t\t\t<section class=\"elementor-section elementor-top-section elementor-element elementor-element-920ca82 elementor-section-full_width elementor-section-stretched elementor-section-height-default elementor-section-height-default qodef-elementor-content-no\" data-id=\"920ca82\" data-element_type=\"section\" data-settings=\"{&quot;stretch_section&quot;:&quot;section-stretched&quot;}\">\n\t\t\t\t\t\t<div class=\"elementor-container elementor-column-gap-default\">\n\t\t\t\t\t<div class=\"elementor-column elementor-col-100 elementor-top-column elementor-element elementor-element-29b2e1c\" data-id=\"29b2e1c\" data-element_type=\"column\">\n\t\t\t<div class=\"elementor-widget-wrap elementor-element-populated\">\n\t\t\t\t\t\t<div class=\"elementor-element elementor-element-3f29f07 elementor-widget elementor-widget-qi_addons_for_elementor_dual_image_with_content\" data-id=\"3f29f07\" data-element_type=\"widget\" data-widget_type=\"qi_addons_for_elementor_dual_image_with_content.default\">\n\t\t\t\t<div class=\"elementor-widget-container\">\n\t\t\t\t\t<div class=\"qodef-shortcode qodef-m qodef-qi-dual-image-with-content qodef--content-left qodef-decoration--italic qodef-link--underline-draw qodef-qi--has-appear\">\n\t<div class=\"qodef-dual-content\">\n\t\t<div class=\"qodef-m-inner-content\">\n\t\t\t\t\t\t\t<p class=\"qodef-m-text\">A Augur hem acumulat una llarga experi\u00e8ncia al camp de l' <b>urbanisme<\/b> , fins al punt de constituir, actualment, una de les nostres especialitats.<br>\n<br>\nEls nostres serveis engloben les \u00e0rees cl\u00e0ssiques principals: el <b>planejament<\/b> , tant general com a derivat, la <b>gesti\u00f3 urban\u00edstica<\/b> i la <b>urbanitzaci\u00f3<\/b> .<br>\n<br>\nA aquestes \u00e0rees afegim la funci\u00f3 especialitzada de <b>consultoria<\/b> , enfocada a l'assessorament constant al client ia la definici\u00f3 d'un servei que satisfaci plenament els requeriments plantejats.<\/p>\n\t\t<\/div>\n\t\t<div class=\"qodef-m-inner-bottom\">\n\t\t\t\t\t<\/div>\n\t<\/div>\n\t<div class=\"qodef-image-holder\">\n\t\t<div class=\"qodef-m-main-image\">\n\t<img fetchpriority=\"high\" decoding=\"async\" width=\"942\" height=\"713\" src=\"https:\/\/augur.es\/wp-content\/uploads\/2022\/11\/3.jpg\" class=\"attachment-large size-large\" alt=\"\" srcset=\"https:\/\/augur.es\/wp-content\/uploads\/2022\/11\/3.jpg 942w, https:\/\/augur.es\/wp-content\/uploads\/2022\/11\/3-300x227.jpg 300w, https:\/\/augur.es\/wp-content\/uploads\/2022\/11\/3-768x581.jpg 768w\" sizes=\"(max-width: 942px) 100vw, 942px\" \/><\/div>\n\t\t<div class=\"qodef-m-second-image\">\n\t<\/div>\n\t<\/div>\n<\/div>\n\t\t\t\t<\/div>\n\t\t\t\t<\/div>\n\t\t\t\t<div class=\"elementor-element elementor-element-0f0e14b elementor-widget elementor-widget-qi_addons_for_elementor_dual_image_with_content\" data-id=\"0f0e14b\" data-element_type=\"widget\" data-widget_type=\"qi_addons_for_elementor_dual_image_with_content.default\">\n\t\t\t\t<div class=\"elementor-widget-container\">\n\t\t\t\t\t<div class=\"qodef-shortcode qodef-m qodef-qi-dual-image-with-content qodef--content-left qodef-decoration--italic qodef-link--underline-draw qodef-qi--has-appear\">\n\t<div class=\"qodef-dual-content\">\n\t\t<div class=\"qodef-m-inner-content\">\n\t\t\t\t\t\t\t<p class=\"qodef-m-text\">Per aquests motius, coneixedors que des de l'urbanisme es poden plantejar les solucions m\u00e9s efectives per resoldre els problemes del territori, plantegem cada projecte des d'una perspectiva global de totes les exig\u00e8ncies que avui la societat demana: <b>sostenibilitat<\/b> , <b>medi ambient<\/b> , <b>efici\u00e8ncia energ\u00e8tica<\/b> , <b>disseny<\/b> i <b>funcionalitat<\/b> s\u00f3n els vectors principals que guien la nostra tasca.<br>\n<br>\nEls nostres treballs es distingeixen pel desenvolupament integrat, tant des del punt de vista interdisciplinari com perqu\u00e8 coneixem l'abast de les determinacions del planejament sobre l'edificaci\u00f3. Per tant, per tal de fixar aquestes determinacions, abans treballem a fons en la <b>definici\u00f3<\/b> del producte edificatori.<\/p>\n\t\t<\/div>\n\t\t<div class=\"qodef-m-inner-bottom\">\n\t\t\t\t\t<\/div>\n\t<\/div>\n\t<div class=\"qodef-image-holder\">\n\t\t<div class=\"qodef-m-main-image\">\n\t<img decoding=\"async\" width=\"1298\" height=\"690\" src=\"https:\/\/augur.es\/wp-content\/uploads\/2022\/11\/1.jpg\" class=\"attachment-full size-full\" alt=\"\" srcset=\"https:\/\/augur.es\/wp-content\/uploads\/2022\/11\/1.jpg 1298w, https:\/\/augur.es\/wp-content\/uploads\/2022\/11\/1-300x159.jpg 300w, https:\/\/augur.es\/wp-content\/uploads\/2022\/11\/1-1024x544.jpg 1024w, https:\/\/augur.es\/wp-content\/uploads\/2022\/11\/1-768x408.jpg 768w\" sizes=\"(max-width: 1298px) 100vw, 1298px\" \/><\/div>\n\t\t<div class=\"qodef-m-second-image\">\n\t<\/div>\n\t<\/div>\n<\/div>\n\t\t\t\t<\/div>\n\t\t\t\t<\/div>\n\t\t\t\t\t<\/div>\n\t\t<\/div>\n\t\t\t\t\t<\/div>\n\t\t<\/section>\n\t\t\t\t<section class=\"elementor-section elementor-top-section elementor-element elementor-element-ba9d48c elementor-section-boxed elementor-section-height-default elementor-section-height-default qodef-elementor-content-no\" data-id=\"ba9d48c\" data-element_type=\"section\">\n\t\t\t\t\t\t<div class=\"elementor-container elementor-column-gap-default\">\n\t\t\t\t\t<div class=\"elementor-column elementor-col-100 elementor-top-column elementor-element elementor-element-f5e7bad\" data-id=\"f5e7bad\" data-element_type=\"column\">\n\t\t\t<div class=\"elementor-widget-wrap elementor-element-populated\">\n\t\t\t\t\t\t<section class=\"elementor-section elementor-inner-section elementor-element elementor-element-929e214 elementor-section-boxed elementor-section-height-default elementor-section-height-default qodef-elementor-content-no\" data-id=\"929e214\" data-element_type=\"section\">\n\t\t\t\t\t\t<div class=\"elementor-container elementor-column-gap-default\">\n\t\t\t\t\t<div class=\"elementor-column elementor-col-100 elementor-inner-column elementor-element elementor-element-8f2d7cb\" data-id=\"8f2d7cb\" data-element_type=\"column\">\n\t\t\t<div class=\"elementor-widget-wrap elementor-element-populated\">\n\t\t\t\t\t\t<div class=\"elementor-element elementor-element-b31654c elementor-invisible elementor-widget elementor-widget-heading\" data-id=\"b31654c\" data-element_type=\"widget\" data-settings=\"{&quot;_animation&quot;:&quot;fadeIn&quot;}\" data-widget_type=\"heading.default\">\n\t\t\t\t<div class=\"elementor-widget-container\">\n\t\t\t\t\t<h2 class=\"elementor-heading-title elementor-size-default\">Alguns dels nostres treballs a l'\u00e0rea de planejament i gesti\u00f3<\/h2>\t\t\t\t<\/div>\n\t\t\t\t<\/div>\n\t\t\t\t<div class=\"elementor-element elementor-element-15432ee elementor-align-start elementor-icon-list--layout-traditional elementor-list-item-link-full_width elementor-invisible elementor-widget elementor-widget-icon-list\" data-id=\"15432ee\" data-element_type=\"widget\" data-settings=\"{&quot;_animation&quot;:&quot;fadeIn&quot;}\" data-widget_type=\"icon-list.default\">\n\t\t\t\t<div class=\"elementor-widget-container\">\n\t\t\t\t\t\t\t<ul class=\"elementor-icon-list-items\">\n\t\t\t\t\t\t\t<li class=\"elementor-icon-list-item\">\n\t\t\t\t\t\t\t\t\t\t\t<span class=\"elementor-icon-list-icon\">\n\t\t\t\t\t\t\t<i aria-hidden=\"true\" class=\"fas fa-chevron-right\"><\/i>\t\t\t\t\t\t<\/span>\n\t\t\t\t\t\t\t\t\t\t<span class=\"elementor-icon-list-text\">Projecte de Compensaci\u00f3 \"HORT D\u00b4EN SERRA\" a L\u00b4ALFORJA, TARRAGONA _2002.<\/span>\n\t\t\t\t\t\t\t\t\t<\/li>\n\t\t\t\t\t\t\t\t<li class=\"elementor-icon-list-item\">\n\t\t\t\t\t\t\t\t\t\t\t<span class=\"elementor-icon-list-icon\">\n\t\t\t\t\t\t\t<i aria-hidden=\"true\" class=\"fas fa-chevron-right\"><\/i>\t\t\t\t\t\t<\/span>\n\t\t\t\t\t\t\t\t\t\t<span class=\"elementor-icon-list-text\">Projecte de Compensaci\u00f3 UA 1 del PERI \"CAN CLOTA\" a ESPLUGUES DE LLOBREGAT _2003.<\/span>\n\t\t\t\t\t\t\t\t\t<\/li>\n\t\t\t\t\t\t\t\t<li class=\"elementor-icon-list-item\">\n\t\t\t\t\t\t\t\t\t\t\t<span class=\"elementor-icon-list-icon\">\n\t\t\t\t\t\t\t<i aria-hidden=\"true\" class=\"fas fa-chevron-right\"><\/i>\t\t\t\t\t\t<\/span>\n\t\t\t\t\t\t\t\t\t\t<span class=\"elementor-icon-list-text\">Modificaci\u00f3 Puntual del PGOU de la UA 11 Sector \"FILADORS DE TORREDEMBARRA\" _2005.<\/span>\n\t\t\t\t\t\t\t\t\t<\/li>\n\t\t\t\t\t\t\t\t<li class=\"elementor-icon-list-item\">\n\t\t\t\t\t\t\t\t\t\t\t<span class=\"elementor-icon-list-icon\">\n\t\t\t\t\t\t\t<i aria-hidden=\"true\" class=\"fas fa-chevron-right\"><\/i>\t\t\t\t\t\t<\/span>\n\t\t\t\t\t\t\t\t\t\t<span class=\"elementor-icon-list-text\">Modificaci\u00f3 Puntual del PGOU, Carrer Pere de Lluna i Canonge Bob\u00e9, relatiu a l'increment de densitat, REUS _2009.<\/span>\n\t\t\t\t\t\t\t\t\t<\/li>\n\t\t\t\t\t\t\t\t<li class=\"elementor-icon-list-item\">\n\t\t\t\t\t\t\t\t\t\t\t<span class=\"elementor-icon-list-icon\">\n\t\t\t\t\t\t\t<i aria-hidden=\"true\" class=\"fas fa-chevron-right\"><\/i>\t\t\t\t\t\t<\/span>\n\t\t\t\t\t\t\t\t\t\t<span class=\"elementor-icon-list-text\">Pla Parcial Urban\u00edstic SUA 12, CASALOT LLEVANT, de MONTROIG DEL CAMP, TARRAGONA_2009-2010.<\/span>\n\t\t\t\t\t\t\t\t\t<\/li>\n\t\t\t\t\t\t\t\t<li class=\"elementor-icon-list-item\">\n\t\t\t\t\t\t\t\t\t\t\t<span class=\"elementor-icon-list-icon\">\n\t\t\t\t\t\t\t<i aria-hidden=\"true\" class=\"fas fa-chevron-right\"><\/i>\t\t\t\t\t\t<\/span>\n\t\t\t\t\t\t\t\t\t\t<span class=\"elementor-icon-list-text\">Projecte de Reparcel\u00b7laci\u00f3 del Pol\u00edgon 1 del PLA DE MILLORA URBANA del PERI 9 de MONTBRI\u00d3 DEL CAMP, TARRAGONA _2011.<\/span>\n\t\t\t\t\t\t\t\t\t<\/li>\n\t\t\t\t\t\t\t\t<li class=\"elementor-icon-list-item\">\n\t\t\t\t\t\t\t\t\t\t\t<span class=\"elementor-icon-list-icon\">\n\t\t\t\t\t\t\t<i aria-hidden=\"true\" class=\"fas fa-chevron-right\"><\/i>\t\t\t\t\t\t<\/span>\n\t\t\t\t\t\t\t\t\t\t<span class=\"elementor-icon-list-text\">Projecte de Reparcel\u00b7laci\u00f3 del Pol\u00edgon d'Actuaci\u00f3 Urban\u00edstica PAU-04, \"LA B\u00d2BILA\" de CONSTANT\u00cd, TARRAGONA _2011.<\/span>\n\t\t\t\t\t\t\t\t\t<\/li>\n\t\t\t\t\t\t\t\t<li class=\"elementor-icon-list-item\">\n\t\t\t\t\t\t\t\t\t\t\t<span class=\"elementor-icon-list-icon\">\n\t\t\t\t\t\t\t<i aria-hidden=\"true\" class=\"fas fa-chevron-right\"><\/i>\t\t\t\t\t\t<\/span>\n\t\t\t\t\t\t\t\t\t\t<span class=\"elementor-icon-list-text\">Modificaci\u00f3 Puntual del PLA PARCIAL Sector S8 \"EL FRANCASET\" de RODA DE BER\u00c0, TARRAGONA _2014.<\/span>\n\t\t\t\t\t\t\t\t\t<\/li>\n\t\t\t\t\t\t\t\t<li class=\"elementor-icon-list-item\">\n\t\t\t\t\t\t\t\t\t\t\t<span class=\"elementor-icon-list-icon\">\n\t\t\t\t\t\t\t<i aria-hidden=\"true\" class=\"fas fa-chevron-right\"><\/i>\t\t\t\t\t\t<\/span>\n\t\t\t\t\t\t\t\t\t\t<span class=\"elementor-icon-list-text\">Pla Especial d'Ausiaci\u00f3 de Masies de SANT PERE DE RIBES _2015.<\/span>\n\t\t\t\t\t\t\t\t\t<\/li>\n\t\t\t\t\t\t\t\t<li class=\"elementor-icon-list-item\">\n\t\t\t\t\t\t\t\t\t\t\t<span class=\"elementor-icon-list-icon\">\n\t\t\t\t\t\t\t<i aria-hidden=\"true\" class=\"fas fa-chevron-right\"><\/i>\t\t\t\t\t\t<\/span>\n\t\t\t\t\t\t\t\t\t\t<span class=\"elementor-icon-list-text\">Modificaci\u00f3 Puntual del PLA PARCIAL URBAN\u00cdSTIC Sector \"BELLAMAR NORD\" de CALAFELL _2015.<\/span>\n\t\t\t\t\t\t\t\t\t<\/li>\n\t\t\t\t\t\t\t\t<li class=\"elementor-icon-list-item\">\n\t\t\t\t\t\t\t\t\t\t\t<span class=\"elementor-icon-list-icon\">\n\t\t\t\t\t\t\t<i aria-hidden=\"true\" class=\"fas fa-chevron-right\"><\/i>\t\t\t\t\t\t<\/span>\n\t\t\t\t\t\t\t\t\t\t<span class=\"elementor-icon-list-text\">Projecte de Reparcel\u00b7laci\u00f3 del PLA PARCIAL URBAN\u00cdSTIC Sector \"BELLAMAR NORD\" de CALAFELL _2016.<\/span>\n\t\t\t\t\t\t\t\t\t<\/li>\n\t\t\t\t\t\t\t\t<li class=\"elementor-icon-list-item\">\n\t\t\t\t\t\t\t\t\t\t\t<span class=\"elementor-icon-list-icon\">\n\t\t\t\t\t\t\t<i aria-hidden=\"true\" class=\"fas fa-chevron-right\"><\/i>\t\t\t\t\t\t<\/span>\n\t\t\t\t\t\t\t\t\t\t<span class=\"elementor-icon-list-text\">Pla de Millora Urbana i Proposta de Parcel\u00b7laci\u00f3 Sector PM 1 de BELLVER DE CERDANYA _2017.<\/span>\n\t\t\t\t\t\t\t\t\t<\/li>\n\t\t\t\t\t\t\t\t<li class=\"elementor-icon-list-item\">\n\t\t\t\t\t\t\t\t\t\t\t<span class=\"elementor-icon-list-icon\">\n\t\t\t\t\t\t\t<i aria-hidden=\"true\" class=\"fas fa-chevron-right\"><\/i>\t\t\t\t\t\t<\/span>\n\t\t\t\t\t\t\t\t\t\t<span class=\"elementor-icon-list-text\">Pla Especial CLUB DE TENNIS EL MASNOU al Carrer Sant Llu\u00eds 4 del MASNOU _2017.<\/span>\n\t\t\t\t\t\t\t\t\t<\/li>\n\t\t\t\t\t\t\t\t<li class=\"elementor-icon-list-item\">\n\t\t\t\t\t\t\t\t\t\t\t<span class=\"elementor-icon-list-icon\">\n\t\t\t\t\t\t\t<i aria-hidden=\"true\" class=\"fas fa-chevron-right\"><\/i>\t\t\t\t\t\t<\/span>\n\t\t\t\t\t\t\t\t\t\t<span class=\"elementor-icon-list-text\">Pla Especial Urban\u00edstic a S\u00f2l No Urbanitzable \"CAN MAIOL\" parcel\u00b7la 77 del Pol\u00edgon 9 de SANTA PERP\u00c8TUA DE MOGODA _2021.<\/span>\n\t\t\t\t\t\t\t\t\t<\/li>\n\t\t\t\t\t\t<\/ul>\n\t\t\t\t\t\t<\/div>\n\t\t\t\t<\/div>\n\t\t\t\t\t<\/div>\n\t\t<\/div>\n\t\t\t\t\t<\/div>\n\t\t<\/section>\n\t\t\t\t\t<\/div>\n\t\t<\/div>\n\t\t\t\t\t<\/div>\n\t\t<\/section>\n\t\t\t\t<\/div>\n\t\t","protected":false},"excerpt":{"rendered":"<p>A Augur hem acumulat una llarga experi\u00e8ncia al camp de l&#8217; urbanisme , fins al punt de constituir, actualment, una de les nostres especialitats. Els nostres serveis engloben les \u00e0rees cl\u00e0ssiques principals: el planejament , tant general com a derivat, la gesti\u00f3 urban\u00edstica i la urbanitzaci\u00f3 . A aquestes \u00e0rees afegim la funci\u00f3 especialitzada de [&hellip;]<\/p>\n","protected":false},"author":1,"featured_media":0,"parent":0,"menu_order":0,"comment_status":"closed","ping_status":"closed","template":"","meta":{"footnotes":""},"class_list":["post-7597","page","type-page","status-publish","hentry"],"_links":{"self":[{"href":"https:\/\/augur.es\/ca\/wp-json\/wp\/v2\/pages\/7597","targetHints":{"allow":["GET"]}}],"collection":[{"href":"https:\/\/augur.es\/ca\/wp-json\/wp\/v2\/pages"}],"about":[{"href":"https:\/\/augur.es\/ca\/wp-json\/wp\/v2\/types\/page"}],"author":[{"embeddable":true,"href":"https:\/\/augur.es\/ca\/wp-json\/wp\/v2\/users\/1"}],"replies":[{"embeddable":true,"href":"https:\/\/augur.es\/ca\/wp-json\/wp\/v2\/comments?post=7597"}],"version-history":[{"count":1,"href":"https:\/\/augur.es\/ca\/wp-json\/wp\/v2\/pages\/7597\/revisions"}],"predecessor-version":[{"id":7598,"href":"https:\/\/augur.es\/ca\/wp-json\/wp\/v2\/pages\/7597\/revisions\/7598"}],"wp:attachment":[{"href":"https:\/\/augur.es\/ca\/wp-json\/wp\/v2\/media?parent=7597"}],"curies":[{"name":"wp","href":"https:\/\/api.w.org\/{rel}","templated":true}]}}